{"id":287,"date":"2026-02-25T13:16:18","date_gmt":"2026-02-25T13:16:18","guid":{"rendered":"https:\/\/ikian.fi\/?page_id=287"},"modified":"2026-03-12T10:17:36","modified_gmt":"2026-03-12T10:17:36","slug":"workshops","status":"publish","type":"page","link":"https:\/\/ikian.fi\/en\/workshops\/","title":{"rendered":"Workshops etc"},"content":{"rendered":"<div class=\"et_pb_section_0 et_pb_section et_section_regular et_block_section et_pb_section_parallax preset--module--divi-section--93fc173a-8ddb-4895-b0ef-bfcf1d5f7dc6\"><span class=\"et-pb-parallax-wrapper\"><span class=\"et-pb-parallax-background et-pb-parallax-background-module--divi-section-0\" style=\"background-image:url(https:\/\/ikian.fi\/wp-content\/uploads\/2026\/02\/Ylapalkki.jpg)\"><\/span><\/span>\n<div class=\"et_pb_row_0 et_pb_row et_block_row\">\n<div class=\"et_pb_column_0 et_pb_column et_pb_column_4_4 et-last-child et_block_column et_pb_css_mix_blend_mode_passthrough\">\n<div class=\"et_pb_heading_0 et_pb_heading et_pb_module et_block_module preset--module--divi-heading--5cc275b2-b54a-44e7-a32c-abf79622799f\"><div class=\"et_pb_heading_container\"><h1 class=\"et_pb_module_header\">iki zen<\/h1><\/div><\/div>\n\n<div class=\"et_pb_text_0 et_pb_text et_pb_bg_layout_light et_pb_module et_block_module preset--module--divi-text--6efb6bbd-12a1-4834-b469-9798f4a40b40\"><div class=\"et_pb_text_inner\"><h4><span>Ty\u00f6pajat &amp; Luennot<\/span><\/h4>\n<\/div><\/div>\n<\/div>\n<\/div>\n<\/div>\n\n<div class=\"et_pb_section_1 et_pb_section et_section_regular et_flex_section\">\n<div class=\"et_pb_row_1 et_pb_row et_flex_row\">\n<div class=\"et_pb_column_1 et_pb_column et_flex_column et_pb_css_mix_blend_mode_passthrough et_flex_column_8_24 et_flex_column_8_24_tablet et_flex_column_24_24_phone\">\n<div class=\"et_pb_text_1 et_pb_text et_pb_bg_layout_light et_pb_module et_flex_module\"><div class=\"et_pb_text_inner\"><p>J\u00e4rjest\u00e4mme zen-johdantoja sek\u00e4 erilaisia ty\u00f6pajoja. Voimme my\u00f6s pyynn\u00f6st\u00e4 pit\u00e4\u00e4 luentoja sek\u00e4 j\u00e4rjest\u00e4\u00e4 virkistysp\u00e4ivi\u00e4.<\/p>\n<p>[Sivu p\u00e4ivittyy.]<\/p>\n<\/div><\/div>\n\n<div class=\"et_pb_image_0 et_pb_image et_pb_module et_flex_module\"><span class=\"et_pb_image_wrap\"><img loading=\"lazy\" decoding=\"async\" src=\"https:\/\/ikian.fi\/wp-content\/uploads\/2026\/02\/FB_IMG_1772026626691.jpg\" title=\"FB_IMG_1772026626691\" width=\"2000\" height=\"1125\" srcset=\"https:\/\/ikian.fi\/wp-content\/uploads\/2026\/02\/FB_IMG_1772026626691.jpg 2000w\" sizes=\"(max-width: 2000px) 100vw, 2000px\" class=\"wp-image-305\" alt=\"ikebana\" \/><\/span><\/div>\n\n<div class=\"et_pb_image_1 et_pb_image et_pb_module et_flex_module\"><span class=\"et_pb_image_wrap\"><img loading=\"lazy\" decoding=\"async\" src=\"https:\/\/ikian.fi\/wp-content\/uploads\/2026\/02\/FB_IMG_1772026660997.jpg\" title=\"FB_IMG_1772026660997\" width=\"2000\" height=\"1125\" srcset=\"https:\/\/ikian.fi\/wp-content\/uploads\/2026\/02\/FB_IMG_1772026660997.jpg 2000w\" sizes=\"(max-width: 2000px) 100vw, 2000px\" class=\"wp-image-306\" alt=\"ikebana\" \/><\/span><\/div>\n<\/div>\n\n<div class=\"et_pb_column_2 et_pb_column et-last-child et_flex_column et_pb_css_mix_blend_mode_passthrough et_flex_column_16_24 et_flex_column_16_24_tablet et_flex_column_24_24_phone\">\n<div class=\"et_pb_text_2 et_pb_text et_pb_bg_layout_light et_pb_module et_flex_module\"><\/div>\n<\/div>\n<\/div>\n<\/div>","protected":false},"excerpt":{"rendered":"","protected":false},"author":1,"featured_media":0,"parent":0,"menu_order":0,"comment_status":"closed","ping_status":"closed","template":"","meta":{"footnotes":""},"class_list":["post-287","page","type-page","status-publish","hentry"],"_links":{"self":[{"href":"https:\/\/ikian.fi\/en\/wp-json\/wp\/v2\/pages\/287","targetHints":{"allow":["GET"]}}],"collection":[{"href":"https:\/\/ikian.fi\/en\/wp-json\/wp\/v2\/pages"}],"about":[{"href":"https:\/\/ikian.fi\/en\/wp-json\/wp\/v2\/types\/page"}],"author":[{"embeddable":true,"href":"https:\/\/ikian.fi\/en\/wp-json\/wp\/v2\/users\/1"}],"replies":[{"embeddable":true,"href":"https:\/\/ikian.fi\/en\/wp-json\/wp\/v2\/comments?post=287"}],"version-history":[{"count":10,"href":"https:\/\/ikian.fi\/en\/wp-json\/wp\/v2\/pages\/287\/revisions"}],"predecessor-version":[{"id":396,"href":"https:\/\/ikian.fi\/en\/wp-json\/wp\/v2\/pages\/287\/revisions\/396"}],"wp:attachment":[{"href":"https:\/\/ikian.fi\/en\/wp-json\/wp\/v2\/media?parent=287"}],"curies":[{"name":"wp","href":"https:\/\/api.w.org\/{rel}","templated":true}]}}